{"id":2217,"date":"2021-02-12T08:04:53","date_gmt":"2021-02-12T08:04:53","guid":{"rendered":"https:\/\/inmobiliariatenorio.com\/?page_id=1030"},"modified":"2021-02-15T22:46:30","modified_gmt":"2021-02-15T22:46:30","slug":"conozcanos","status":"publish","type":"page","link":"https:\/\/www.inmobiliariatenorio.com\/en\/conozcanos\/","title":{"rendered":"Con\u00f3zcanos"},"content":{"rendered":"<h3><span style=\"color: #0e5b96;\">INMOBILIARIA TENORIO; VOCACI\u00d3N INMOBILIARIA<\/span><\/h3>\n<p><span style=\"color: #404040;\">Inmobiliaria Tenorio es una empresa familiar creada hace m\u00e1s de treinta a\u00f1os. Fiel a sus or\u00edgenes, la empresa tiene como principal objetivo, la atenci\u00f3n personalizada al cliente, cuidando al detalle sus necesidades, aconsej\u00e1ndole y ayud\u00e1ndole a tomar una decisi\u00f3n tan importante: comprar una vivienda.<\/span><\/p>\n<p><span style=\"color: #404040;\">No lo dude, venga a conocernos y sabr\u00e1 porque nuestros clientes nos conf\u00edan todas sus operaciones inmobiliarias, en Inmobiliaria Tenorio encontrar\u00e1 un personal cualificado y con gran experiencia, con trato agradable y cercano, que la ayudar\u00e1 a que su decisi\u00f3n sea la acertada.<\/span><\/p>\n<p>\u00a0<\/p>\n\n\n<figure class=\"wp-block-image alignwide size-large\"><img loading=\"lazy\" width=\"1024\" height=\"394\" src=\"https:\/\/inmobiliariatenorio.com\/wp-content\/uploads\/2021\/02\/slider-6-inmobiliaria-tenorio-1024x394.jpg\" alt=\"\" class=\"wp-image-46151\" srcset=\"https:\/\/www.inmobiliariatenorio.com\/wp-content\/uploads\/2021\/02\/slider-6-inmobiliaria-tenorio-1024x394.jpg 1024w, https:\/\/www.inmobiliariatenorio.com\/wp-content\/uploads\/2021\/02\/slider-6-inmobiliaria-tenorio-300x115.jpg 300w, https:\/\/www.inmobiliariatenorio.com\/wp-content\/uploads\/2021\/02\/slider-6-inmobiliaria-tenorio-768x295.jpg 768w, https:\/\/www.inmobiliariatenorio.com\/wp-content\/uploads\/2021\/02\/slider-6-inmobiliaria-tenorio-150x58.jpg 150w, https:\/\/www.inmobiliariatenorio.com\/wp-content\/uploads\/2021\/02\/slider-6-inmobiliaria-tenorio.jpg 1170w\" sizes=\"(max-width: 1024px) 100vw, 1024px\" \/><\/figure>\n","protected":false},"excerpt":{"rendered":"<p>INMOBILIARIA TENORIO; VOCACI\u00d3N INMOBILIARIA Inmobiliaria Tenorio es una empresa familiar creada hace m\u00e1s de treinta a\u00f1os. Fiel a sus or\u00edgenes, la empresa tiene como principal objetivo, la atenci\u00f3n personalizada al cliente, cuidando al detalle sus necesidades, aconsej\u00e1ndole y ayud\u00e1ndole a tomar una decisi\u00f3n tan importante: comprar una vivienda. No lo dude, venga a conocernos y&#8230;<\/p>\n","protected":false},"author":1,"featured_media":0,"parent":0,"menu_order":0,"comment_status":"closed","ping_status":"open","template":"","meta":[],"yoast_head":"<!-- This site is optimized with the Yoast SEO plugin v15.8 - https:\/\/yoast.com\/wordpress\/plugins\/seo\/ -->\n<title>Con\u00f3zcanos - Inmobiliaria Tenorio<\/title>\n<meta name=\"robots\" content=\"index, follow, max-snippet:-1, max-image-preview:large, max-video-preview:-1\" \/>\n<link rel=\"canonical\" href=\"https:\/\/www.inmobiliariatenorio.com\/en\/conozcanos\/\" \/>\n<meta property=\"og:locale\" content=\"en_US\" \/>\n<meta property=\"og:type\" content=\"article\" \/>\n<meta property=\"og:title\" content=\"Con\u00f3zcanos - Inmobiliaria Tenorio\" \/>\n<meta property=\"og:description\" content=\"INMOBILIARIA TENORIO; VOCACI\u00d3N INMOBILIARIA Inmobiliaria Tenorio es una empresa familiar creada hace m\u00e1s de treinta a\u00f1os. Fiel a sus or\u00edgenes, la empresa tiene como principal objetivo, la atenci\u00f3n personalizada al cliente, cuidando al detalle sus necesidades, aconsej\u00e1ndole y ayud\u00e1ndole a tomar una decisi\u00f3n tan importante: comprar una vivienda. No lo dude, venga a conocernos y...\" \/>\n<meta property=\"og:url\" content=\"https:\/\/www.inmobiliariatenorio.com\/conozcanos\/\" \/>\n<meta property=\"og:site_name\" content=\"Inmobiliaria Tenorio\" \/>\n<meta property=\"article:modified_time\" content=\"2021-02-15T22:46:30+00:00\" \/>\n<meta property=\"og:image\" content=\"https:\/\/inmobiliariatenorio.com\/wp-content\/uploads\/2021\/02\/slider-6-inmobiliaria-tenorio-1024x394.jpg\" \/>\n<meta name=\"twitter:card\" content=\"summary_large_image\" \/>\n<meta name=\"twitter:label1\" content=\"Est. reading time\">\n\t<meta name=\"twitter:data1\" content=\"1 minute\">\n<script type=\"application\/ld+json\" class=\"yoast-schema-graph\">{\"@context\":\"https:\/\/schema.org\",\"@graph\":[{\"@type\":\"WebSite\",\"@id\":\"https:\/\/www.inmobiliariatenorio.com\/#website\",\"url\":\"https:\/\/www.inmobiliariatenorio.com\/\",\"name\":\"Inmobiliaria Tenorio\",\"description\":\"\",\"potentialAction\":[{\"@type\":\"SearchAction\",\"target\":\"https:\/\/www.inmobiliariatenorio.com\/?s={search_term_string}\",\"query-input\":\"required name=search_term_string\"}],\"inLanguage\":\"en-US\"},{\"@type\":\"ImageObject\",\"@id\":\"https:\/\/www.inmobiliariatenorio.com\/conozcanos\/#primaryimage\",\"inLanguage\":\"en-US\",\"url\":\"https:\/\/inmobiliariatenorio.com\/wp-content\/uploads\/2021\/02\/slider-6-inmobiliaria-tenorio-1024x394.jpg\"},{\"@type\":\"WebPage\",\"@id\":\"https:\/\/www.inmobiliariatenorio.com\/conozcanos\/#webpage\",\"url\":\"https:\/\/www.inmobiliariatenorio.com\/conozcanos\/\",\"name\":\"Con\\u00f3zcanos - Inmobiliaria Tenorio\",\"isPartOf\":{\"@id\":\"https:\/\/www.inmobiliariatenorio.com\/#website\"},\"primaryImageOfPage\":{\"@id\":\"https:\/\/www.inmobiliariatenorio.com\/conozcanos\/#primaryimage\"},\"datePublished\":\"2021-02-12T08:04:53+00:00\",\"dateModified\":\"2021-02-15T22:46:30+00:00\",\"breadcrumb\":{\"@id\":\"https:\/\/www.inmobiliariatenorio.com\/conozcanos\/#breadcrumb\"},\"inLanguage\":\"en-US\",\"potentialAction\":[{\"@type\":\"ReadAction\",\"target\":[\"https:\/\/www.inmobiliariatenorio.com\/conozcanos\/\"]}]},{\"@type\":\"BreadcrumbList\",\"@id\":\"https:\/\/www.inmobiliariatenorio.com\/conozcanos\/#breadcrumb\",\"itemListElement\":[{\"@type\":\"ListItem\",\"position\":1,\"item\":{\"@type\":\"WebPage\",\"@id\":\"https:\/\/www.inmobiliariatenorio.com\/en\/\",\"url\":\"https:\/\/www.inmobiliariatenorio.com\/en\/\",\"name\":\"Portada\"}},{\"@type\":\"ListItem\",\"position\":2,\"item\":{\"@type\":\"WebPage\",\"@id\":\"https:\/\/www.inmobiliariatenorio.com\/conozcanos\/\",\"url\":\"https:\/\/www.inmobiliariatenorio.com\/conozcanos\/\",\"name\":\"Con\\u00f3zcanos\"}}]}]}<\/script>\n<!-- \/ Yoast SEO plugin. -->","_links":{"self":[{"href":"https:\/\/www.inmobiliariatenorio.com\/en\/wp-json\/wp\/v2\/pages\/2217"}],"collection":[{"href":"https:\/\/www.inmobiliariatenorio.com\/en\/wp-json\/wp\/v2\/pages"}],"about":[{"href":"https:\/\/www.inmobiliariatenorio.com\/en\/wp-json\/wp\/v2\/types\/page"}],"author":[{"embeddable":true,"href":"https:\/\/www.inmobiliariatenorio.com\/en\/wp-json\/wp\/v2\/users\/1"}],"replies":[{"embeddable":true,"href":"https:\/\/www.inmobiliariatenorio.com\/en\/wp-json\/wp\/v2\/comments?post=2217"}],"version-history":[{"count":6,"href":"https:\/\/www.inmobiliariatenorio.com\/en\/wp-json\/wp\/v2\/pages\/2217\/revisions"}],"predecessor-version":[{"id":46158,"href":"https:\/\/www.inmobiliariatenorio.com\/en\/wp-json\/wp\/v2\/pages\/2217\/revisions\/46158"}],"wp:attachment":[{"href":"https:\/\/www.inmobiliariatenorio.com\/en\/wp-json\/wp\/v2\/media?parent=2217"}],"curies":[{"name":"wp","href":"https:\/\/api.w.org\/{rel}","templated":true}]}}